{"id":36,"date":"2022-10-18T13:35:01","date_gmt":"2022-10-18T11:35:01","guid":{"rendered":"https:\/\/seminaire-2022.marseille.archi.fr\/?page_id=36"},"modified":"2022-11-07T08:17:06","modified_gmt":"2022-11-07T07:17:06","slug":"organisation","status":"publish","type":"page","link":"https:\/\/seminaire-2022.marseille.archi.fr\/?page_id=36","title":{"rendered":"Organisation"},"content":{"rendered":"\n<p><\/p>\n\n\n\n<p><strong>Isabelle FASSE<\/strong><\/p>\n\n\n\n<p>Architecte DPLG \u2013 Ma\u00eetre de Conf\u00e9rences \u00e0 l\u2019ensa\u2022m, chercheur au laboratoire<br>MAP-GAMSAU (UMR-CNRS\/MC 3495) \u2013 Mod\u00e8les et simulations pour l\u2019Architecture et le Patrimoine,\u00a0<\/p>\n\n\n\n<p><strong>Fr\u00e9d\u00e9rique Bertrand<\/strong><br>Architecte DPLG, enseignante \u00e0 l\u2019ensa\u2022m \u2013 Ma\u00eetre de conf\u00e9rences associ\u00e9 \u00e0 l\u2019ENSA Paris-La Villette,<\/p>\n\n\n\n<p><strong>Jean-Yves Blaise directeur de l&#8217;\u00e9quipe MAP-GAMSAU de l&#8217;UMR CNRS\/MC 3495 MAP<\/strong><br><strong>Et toute son \u00e9quipe,<\/strong><\/p>\n\n\n\n<p><strong>Le Service de la Diffusion \/ Valorisation \/ Communication<\/strong> <strong>de l&#8217;ensa\u2022m <\/strong><\/p>\n\n\n\n<h4 class=\"wp-block-heading\"><\/h4>\n","protected":false},"excerpt":{"rendered":"<p>Isabelle FASSE Architecte DPLG \u2013 Ma\u00eetre de Conf\u00e9rences \u00e0 l\u2019ensa\u2022m, chercheur au laboratoireMAP-GAMSAU (UMR-CNRS\/MC 3495) \u2013 Mod\u00e8les et simulations pour l\u2019Architecture et le Patrimoine,\u00a0 Fr\u00e9d\u00e9rique BertrandArchitecte DPLG, enseignante \u00e0 l\u2019ensa\u2022m \u2013 Ma\u00eetre de conf\u00e9rences associ\u00e9 \u00e0 l\u2019ENSA Paris-La Villette, Jean-Yves Blaise directeur de l&#8217;\u00e9quipe MAP-GAMSAU de l&#8217;UMR CNRS\/MC 3495 MAPEt toute son \u00e9quipe, Le Service &hellip; <\/p>\n<p><a class=\"more-link btn\" href=\"https:\/\/seminaire-2022.marseille.archi.fr\/?page_id=36\">Lire la suite<\/a><\/p>\n","protected":false},"author":4,"featured_media":107,"parent":0,"menu_order":0,"comment_status":"closed","ping_status":"closed","template":"","meta":{"footnotes":""},"class_list":["post-36","page","type-page","status-publish","has-post-thumbnail","hentry","nodate","item-wrap"],"_links":{"self":[{"href":"https:\/\/seminaire-2022.marseille.archi.fr\/index.php?rest_route=\/wp\/v2\/pages\/36","targetHints":{"allow":["GET"]}}],"collection":[{"href":"https:\/\/seminaire-2022.marseille.archi.fr\/index.php?rest_route=\/wp\/v2\/pages"}],"about":[{"href":"https:\/\/seminaire-2022.marseille.archi.fr\/index.php?rest_route=\/wp\/v2\/types\/page"}],"author":[{"embeddable":true,"href":"https:\/\/seminaire-2022.marseille.archi.fr\/index.php?rest_route=\/wp\/v2\/users\/4"}],"replies":[{"embeddable":true,"href":"https:\/\/seminaire-2022.marseille.archi.fr\/index.php?rest_route=%2Fwp%2Fv2%2Fcomments&post=36"}],"version-history":[{"count":8,"href":"https:\/\/seminaire-2022.marseille.archi.fr\/index.php?rest_route=\/wp\/v2\/pages\/36\/revisions"}],"predecessor-version":[{"id":240,"href":"https:\/\/seminaire-2022.marseille.archi.fr\/index.php?rest_route=\/wp\/v2\/pages\/36\/revisions\/240"}],"wp:featuredmedia":[{"embeddable":true,"href":"https:\/\/seminaire-2022.marseille.archi.fr\/index.php?rest_route=\/wp\/v2\/media\/107"}],"wp:attachment":[{"href":"https:\/\/seminaire-2022.marseille.archi.fr\/index.php?rest_route=%2Fwp%2Fv2%2Fmedia&parent=36"}],"curies":[{"name":"wp","href":"https:\/\/api.w.org\/{rel}","templated":true}]}}