{"id":45,"date":"2022-10-18T13:37:18","date_gmt":"2022-10-18T11:37:18","guid":{"rendered":"https:\/\/seminaire-2022.marseille.archi.fr\/?page_id=45"},"modified":"2022-11-07T10:54:04","modified_gmt":"2022-11-07T09:54:04","slug":"contact","status":"publish","type":"page","link":"https:\/\/seminaire-2022.marseille.archi.fr\/?page_id=45","title":{"rendered":"Contact"},"content":{"rendered":"\n<p><strong>Isabelle FASSE<\/strong><\/p>\n\n\n\n<p>Architecte DPLG &#8211; Ma\u00eetre de Conf\u00e9rences \u00e0 l&#8217;ensa\u2022m, chercheur au laboratoire <br>MAP-GAMSAU (UMR-CNRS\/MC 3495) &#8211; Mod\u00e8les et simulations pour l&#8217;Architecture et le Patrimoine\u00a0<\/p>\n\n\n\n<p><a href=\"mailto:isabelle.fasse@marseille.archi.fr\" target=\"_blank\" rel=\"noreferrer noopener\">isabelle.fasse@marseille.archi.fr<\/a><\/p>\n\n\n\n<p><strong>Fr\u00e9d\u00e9rique Bertrand<\/strong><\/p>\n\n\n\n<p>Architecte DPLG, enseignante \u00e0 l&#8217;ensa\u2022m  &#8211; Ma\u00eetre de conf\u00e9rences associ\u00e9 \u00e0 l\u2019ENSA Paris-La Villette.<\/p>\n\n\n\n<p><a href=\"mailto:frederique.bertrand@marseille.archi.fr\" target=\"_blank\" rel=\"noreferrer noopener\">frederique.bertrand@marseille.archi.fr<\/a><\/p>\n\n\n\n<p><strong>Informations<\/strong> <\/p>\n\n\n\n<p><a rel=\"noreferrer noopener\" href=\"mailto:gamsau@map.cnrs.fr\" target=\"_blank\">gamsau@map.cnrs.fr<\/a><\/p>\n","protected":false},"excerpt":{"rendered":"<p>Isabelle FASSE Architecte DPLG &#8211; Ma\u00eetre de Conf\u00e9rences \u00e0 l&#8217;ensa\u2022m, chercheur au laboratoire MAP-GAMSAU (UMR-CNRS\/MC 3495) &#8211; Mod\u00e8les et simulations pour l&#8217;Architecture et le Patrimoine\u00a0 isabelle.fasse@marseille.archi.fr Fr\u00e9d\u00e9rique Bertrand Architecte DPLG, enseignante \u00e0 l&#8217;ensa\u2022m &#8211; Ma\u00eetre de conf\u00e9rences associ\u00e9 \u00e0 l\u2019ENSA Paris-La Villette. frederique.bertrand@marseille.archi.fr Informations gamsau@map.cnrs.fr<\/p>\n","protected":false},"author":4,"featured_media":0,"parent":0,"menu_order":0,"comment_status":"closed","ping_status":"closed","template":"","meta":{"footnotes":""},"class_list":["post-45","page","type-page","status-publish","hentry","nodate","item-wrap"],"_links":{"self":[{"href":"https:\/\/seminaire-2022.marseille.archi.fr\/index.php?rest_route=\/wp\/v2\/pages\/45","targetHints":{"allow":["GET"]}}],"collection":[{"href":"https:\/\/seminaire-2022.marseille.archi.fr\/index.php?rest_route=\/wp\/v2\/pages"}],"about":[{"href":"https:\/\/seminaire-2022.marseille.archi.fr\/index.php?rest_route=\/wp\/v2\/types\/page"}],"author":[{"embeddable":true,"href":"https:\/\/seminaire-2022.marseille.archi.fr\/index.php?rest_route=\/wp\/v2\/users\/4"}],"replies":[{"embeddable":true,"href":"https:\/\/seminaire-2022.marseille.archi.fr\/index.php?rest_route=%2Fwp%2Fv2%2Fcomments&post=45"}],"version-history":[{"count":6,"href":"https:\/\/seminaire-2022.marseille.archi.fr\/index.php?rest_route=\/wp\/v2\/pages\/45\/revisions"}],"predecessor-version":[{"id":242,"href":"https:\/\/seminaire-2022.marseille.archi.fr\/index.php?rest_route=\/wp\/v2\/pages\/45\/revisions\/242"}],"wp:attachment":[{"href":"https:\/\/seminaire-2022.marseille.archi.fr\/index.php?rest_route=%2Fwp%2Fv2%2Fmedia&parent=45"}],"curies":[{"name":"wp","href":"https:\/\/api.w.org\/{rel}","templated":true}]}}